{"id":1947,"date":"2025-04-05T03:17:53","date_gmt":"2025-04-05T03:17:53","guid":{"rendered":"https:\/\/tiendasicav.com.mx\/?post_type=product&#038;p=1947"},"modified":"2025-04-05T03:19:42","modified_gmt":"2025-04-05T03:19:42","slug":"equipo-inverter-x-sicav-2-ton-220-volts-frio-calor","status":"publish","type":"product","link":"https:\/\/tiendasicav.com.mx\/index.php\/producto\/equipo-inverter-x-sicav-2-ton-220-volts-frio-calor\/","title":{"rendered":"Equipo Inverter X SICAV 2 TON 220 VOLTS Fr\u00edo \/ Calor"},"content":{"rendered":"<table class=\"specs-table\">\n<tbody>\n<tr>\n<td>SOLO FRIO<\/td>\n<td><\/td>\n<td>EMF261J-CMF261J<\/td>\n<\/tr>\n<tr>\n<td>CON CALEFACCI\u00d3N<\/td>\n<td><\/td>\n<td>EMC261J-CMC261J<\/td>\n<\/tr>\n<tr>\n<td>SUMINISTRO EL\u00c9CTRICO<\/td>\n<td>V-Ph-Hz<\/td>\n<td>230-1-60<\/td>\n<\/tr>\n<tr>\n<td>RANGO DE CAPACIDAD DE ENFRIAMIENTO<\/td>\n<td>Ton<\/td>\n<td>2<\/td>\n<\/tr>\n<tr>\n<td>RANGO DE CAPACIDAD DE ENFRIAMIENTO MIN \/ MAX<\/td>\n<td>Btu\/h<\/td>\n<td>7,700 \u2013 22,700<\/td>\n<\/tr>\n<tr>\n<td>POTENCIA CONSUMIDA<\/td>\n<td>W<\/td>\n<td>2000<\/td>\n<\/tr>\n<tr>\n<td>AMPERAJE<\/td>\n<td>A<\/td>\n<td>9,6<\/td>\n<\/tr>\n<tr>\n<td>RELACI\u00d3N DE EFICIENCIA ENERG\u00c9TICA ESTACIONAL (BTU\/hW)<\/td>\n<td>SEER<\/td>\n<td>18,5<\/td>\n<\/tr>\n<tr>\n<td>TIPO Y MONTO DE REFRIGERANTE (CO\/HP)<\/td>\n<td>R32<\/td>\n<td>R32(0.83\/1.18)<\/td>\n<\/tr>\n<tr>\n<td>TIPO DE COMPRESOR<\/td>\n<td><\/td>\n<td>SVS COMPRESSOR (SMART VARIABLE SPEED)<\/td>\n<\/tr>\n<tr>\n<td>FLUJO DE AIRE<\/td>\n<td>m3\/h<\/td>\n<td>1100<\/td>\n<\/tr>\n<tr>\n<td>NIVEL DE RUIDO INTERIOR<\/td>\n<td>dB<\/td>\n<td>48.5<\/td>\n<\/tr>\n<tr>\n<td>DIMENSIONES Y PESO<\/td>\n<td><\/td>\n<td><\/td>\n<\/tr>\n<tr>\n<td>UNIDAD INTERIOR SIN EMPAQUE (WXHXD)<\/td>\n<td>mm<\/td>\n<td>1040x327x220<\/td>\n<\/tr>\n<tr>\n<td>UNIDAD INTERIOR CON EMPAQUE (WXHXD)<\/td>\n<td>mm<\/td>\n<td>1120x315x405<\/td>\n<\/tr>\n<tr>\n<td>PESO DE UNIDAD INTERIOR<\/td>\n<td>KG<\/td>\n<td>12.8\/16.3<\/td>\n<\/tr>\n<tr>\n<td>UNIDAD EXTERIOR SIN EMPAQUE<\/td>\n<td>mm<\/td>\n<td>805x554x330<\/td>\n<\/tr>\n<tr>\n<td>UNIDAD EXTERIOR CON EMPAQUE<\/td>\n<td>mm<\/td>\n<td>915x615x370<\/td>\n<\/tr>\n<tr>\n<td>PESO DE UNIDAD EXTERIOR<\/td>\n<td>KG<\/td>\n<td>28.8\/31.6<\/td>\n<\/tr>\n<tr>\n<td>ESPECIFICACI\u00d3N DE TUBER\u00cdA Y CONEXIONES<\/td>\n<td><\/td>\n<td><\/td>\n<\/tr>\n<tr>\n<td>DI\u00c1METROS DE TUBER\u00cdA (L\u00cdQUIDO-GAS)<\/td>\n<td>PULG<\/td>\n<td>3\/8\u2033 \u2013 5\/8\u2033<\/td>\n<\/tr>\n<tr>\n<td>LONGITUD M\u00c1XIMA PERMITIDA<\/td>\n<td>m<\/td>\n<td>25<\/td>\n<\/tr>\n<tr>\n<td>LONGITUD M\u00c1XIMA VERTICAL<\/td>\n<td>m<\/td>\n<td>15<\/td>\n<\/tr>\n<tr>\n<td>LONGITUD KIT DE TUBER\u00cdA<\/td>\n<td>m<\/td>\n<td>4<\/td>\n<\/tr>\n<tr>\n<td>COMPENSACI\u00d3N DE REFRIGERANTE<\/td>\n<td>g\/m<\/td>\n<td>24<\/td>\n<\/tr>\n<\/tbody>\n<\/table>\n","protected":false},"excerpt":{"rendered":"<p>Mayor ahorro de energ\u00eda comparado con equipos de eficiencia normal en las mismas condiciones de operaci\u00f3n.<\/p>\n","protected":false},"featured_media":1933,"comment_status":"open","ping_status":"closed","template":"","meta":{"_eb_attr":"","site-sidebar-layout":"default","site-content-layout":"default","ast-main-header-display":"","ast-hfb-above-header-display":"","ast-hfb-below-header-display":"","ast-hfb-mobile-header-display":"","site-post-title":"","ast-breadcrumbs-content":"","ast-featured-img":"","footer-sml-layout":"","theme-transparent-header-meta":"default","adv-header-id-meta":"","stick-header-meta":"","header-above-stick-meta":"","header-main-stick-meta":"","header-below-stick-meta":""},"product_cat":[74],"product_tag":[],"class_list":["post-1947","product","type-product","status-publish","has-post-thumbnail","hentry","product_cat-inverter-x"],"_links":{"self":[{"href":"https:\/\/tiendasicav.com.mx\/index.php\/wp-json\/wp\/v2\/product\/1947","targetHints":{"allow":["GET"]}}],"collection":[{"href":"https:\/\/tiendasicav.com.mx\/index.php\/wp-json\/wp\/v2\/product"}],"about":[{"href":"https:\/\/tiendasicav.com.mx\/index.php\/wp-json\/wp\/v2\/types\/product"}],"replies":[{"embeddable":true,"href":"https:\/\/tiendasicav.com.mx\/index.php\/wp-json\/wp\/v2\/comments?post=1947"}],"wp:featuredmedia":[{"embeddable":true,"href":"https:\/\/tiendasicav.com.mx\/index.php\/wp-json\/wp\/v2\/media\/1933"}],"wp:attachment":[{"href":"https:\/\/tiendasicav.com.mx\/index.php\/wp-json\/wp\/v2\/media?parent=1947"}],"wp:term":[{"taxonomy":"product_cat","embeddable":true,"href":"https:\/\/tiendasicav.com.mx\/index.php\/wp-json\/wp\/v2\/product_cat?post=1947"},{"taxonomy":"product_tag","embeddable":true,"href":"https:\/\/tiendasicav.com.mx\/index.php\/wp-json\/wp\/v2\/product_tag?post=1947"}],"curies":[{"name":"wp","href":"https:\/\/api.w.org\/{rel}","templated":true}]}}