{"id":1908,"date":"2024-04-17T22:55:16","date_gmt":"2024-04-17T22:55:16","guid":{"rendered":"https:\/\/tiendasicav.com.mx\/?post_type=product&#038;p=1908"},"modified":"2025-04-05T01:36:02","modified_gmt":"2025-04-05T01:36:02","slug":"equipo-mirage-life-12-sicav-1-5-ton-220-volts-frio-calor","status":"publish","type":"product","link":"https:\/\/tiendasicav.com.mx\/index.php\/producto\/equipo-mirage-life-12-sicav-1-5-ton-220-volts-frio-calor\/","title":{"rendered":"Equipo Mirage Life 12 SICAV 1.5 TON 220 VOLTS Fr\u00edo \/ Calor"},"content":{"rendered":"<table class=\"specs-table\">\n<tbody>\n<tr class=\"specs-firstrow\">\n<th><\/th>\n<th><\/th>\n<th>1 TON \u2013 115V<\/th>\n<\/tr>\n<tr>\n<td>Modelos<\/td>\n<td><\/td>\n<td>ELF120D, CLF120D, ELC120D, CLC120D.<\/td>\n<\/tr>\n<tr>\n<td>Suministro el\u00e9ctrico<\/td>\n<td>V-Ph-Hz<\/td>\n<td>115 \u2013 1 -60<\/td>\n<\/tr>\n<tr>\n<td>Capacidad de enfriamiento<\/td>\n<td>Btu\/h<\/td>\n<td>12,000<\/td>\n<\/tr>\n<tr>\n<td>Potencia Consumida<\/td>\n<td>W<\/td>\n<td>950<\/td>\n<\/tr>\n<tr>\n<td>Corriente promedio<\/td>\n<td>A<\/td>\n<td>8,5<\/td>\n<\/tr>\n<tr>\n<td>Tipo y monto de refrigerante (CO \/ HP)<\/td>\n<td>R410A<\/td>\n<td>0.6 \/ 1.1 kg<\/td>\n<\/tr>\n<tr>\n<td>Compresor tipo<\/td>\n<td><\/td>\n<td>GMCC High Performance<\/td>\n<\/tr>\n<tr>\n<td>Flujo de aire<\/td>\n<td>m3\/h<\/td>\n<td>550<\/td>\n<\/tr>\n<tr>\n<td>Nivel de ruido interior<\/td>\n<td>dB<\/td>\n<td>27<\/td>\n<\/tr>\n<tr>\n<td>Dimensiones y pesos<\/td>\n<td><\/td>\n<td><\/td>\n<\/tr>\n<tr>\n<td>Unidad interior<\/td>\n<td><\/td>\n<td><\/td>\n<\/tr>\n<tr>\n<td>Sin empaque<\/td>\n<td>mm<\/td>\n<td>802x297x189<\/td>\n<\/tr>\n<tr>\n<td>Con empaque<\/td>\n<td>mm<\/td>\n<td>875x380x285<\/td>\n<\/tr>\n<tr>\n<td>Peso<\/td>\n<td>kg<\/td>\n<td>9 \/12<\/td>\n<\/tr>\n<tr>\n<td>Unidad exterior<\/td>\n<td><\/td>\n<td><\/td>\n<\/tr>\n<tr>\n<td>Sin empaque<\/td>\n<td>mm<\/td>\n<td>720x495x270<\/td>\n<\/tr>\n<tr>\n<td>Con empaque<\/td>\n<td>mm<\/td>\n<td>835x540x300<\/td>\n<\/tr>\n<tr>\n<td>Peso<\/td>\n<td>kg<\/td>\n<td>29 \/ 32<\/td>\n<\/tr>\n<tr>\n<td>Especificaci\u00f3n de tuber\u00eda y conexiones<\/td>\n<td><\/td>\n<td><\/td>\n<\/tr>\n<tr>\n<td>Di\u00e1metros de tuber\u00eda<\/td>\n<td>pulg<\/td>\n<td>1\/4 \u2013 1\/2<\/td>\n<\/tr>\n<tr>\n<td>Longitud total m\u00e1xima permitida<\/td>\n<td>m<\/td>\n<td>20<\/td>\n<\/tr>\n<tr>\n<td>Longitud m\u00e1xima Vertical<\/td>\n<td>m<\/td>\n<td>8<\/td>\n<\/tr>\n<tr>\n<td>Ubicaci\u00f3n de trampa de aceite (en succi\u00f3n)<\/td>\n<td>m<\/td>\n<td>6<\/td>\n<\/tr>\n<tr>\n<td>Compensaci\u00f3n de refrigerante<\/td>\n<td>g\/m<\/td>\n<td>15<\/td>\n<\/tr>\n<\/tbody>\n<\/table>\n","protected":false},"excerpt":{"rendered":"<h6><strong>Minisplit Mirage LIFE 12. Tienda Sicav Quer\u00e9taro S.A. de C.V. Compra en l\u00ednea a precios exclusivos. Instalaci\u00f3n inmediata.<br \/>\n<\/strong><\/h6>\n<div>Menor consumo de energ\u00eda, un ambiente silencioso, mayor rapidez de enfriamiento, uso eficiente de la potencia.<\/div>\n<div><strong>\u00a0<\/strong><\/div>\n<div>AHORRO ABSOLUTO | CONFORT ABSOLUTO | SIN CAMBIOS DE TEMPERATURA | SIN PICOS DE VOLTAJE<\/div>\n","protected":false},"featured_media":1929,"comment_status":"open","ping_status":"closed","template":"","meta":{"_eb_attr":"","site-sidebar-layout":"default","site-content-layout":"default","ast-main-header-display":"","ast-hfb-above-header-display":"","ast-hfb-below-header-display":"","ast-hfb-mobile-header-display":"","site-post-title":"","ast-breadcrumbs-content":"","ast-featured-img":"","footer-sml-layout":"","theme-transparent-header-meta":"default","adv-header-id-meta":"","stick-header-meta":"","header-above-stick-meta":"","header-main-stick-meta":"","header-below-stick-meta":""},"product_cat":[65],"product_tag":[],"class_list":["post-1908","product","type-product","status-publish","has-post-thumbnail","hentry","product_cat-life12"],"_links":{"self":[{"href":"https:\/\/tiendasicav.com.mx\/index.php\/wp-json\/wp\/v2\/product\/1908","targetHints":{"allow":["GET"]}}],"collection":[{"href":"https:\/\/tiendasicav.com.mx\/index.php\/wp-json\/wp\/v2\/product"}],"about":[{"href":"https:\/\/tiendasicav.com.mx\/index.php\/wp-json\/wp\/v2\/types\/product"}],"replies":[{"embeddable":true,"href":"https:\/\/tiendasicav.com.mx\/index.php\/wp-json\/wp\/v2\/comments?post=1908"}],"wp:featuredmedia":[{"embeddable":true,"href":"https:\/\/tiendasicav.com.mx\/index.php\/wp-json\/wp\/v2\/media\/1929"}],"wp:attachment":[{"href":"https:\/\/tiendasicav.com.mx\/index.php\/wp-json\/wp\/v2\/media?parent=1908"}],"wp:term":[{"taxonomy":"product_cat","embeddable":true,"href":"https:\/\/tiendasicav.com.mx\/index.php\/wp-json\/wp\/v2\/product_cat?post=1908"},{"taxonomy":"product_tag","embeddable":true,"href":"https:\/\/tiendasicav.com.mx\/index.php\/wp-json\/wp\/v2\/product_tag?post=1908"}],"curies":[{"name":"wp","href":"https:\/\/api.w.org\/{rel}","templated":true}]}}