{"id":1906,"date":"2024-04-17T22:07:59","date_gmt":"2024-04-17T22:07:59","guid":{"rendered":"https:\/\/tiendasicav.com.mx\/?post_type=product&#038;p=1906"},"modified":"2025-04-05T02:49:47","modified_gmt":"2025-04-05T02:49:47","slug":"equipo-mirage-x32-inverter-sicav-2-ton-220-volts-frio-calor","status":"publish","type":"product","link":"https:\/\/tiendasicav.com.mx\/index.php\/producto\/equipo-mirage-x32-inverter-sicav-2-ton-220-volts-frio-calor\/","title":{"rendered":"Equipo Mirage X32 Inverter SICAV 2 TON 220 VOLTS Fr\u00edo \/ Calor"},"content":{"rendered":"<table class=\"specs-table\">\n<tbody>\n<tr>\n<td>SUMINISTRO EL\u00c9CTRICO<\/td>\n<td>V-Ph-Hz<\/td>\n<td>230 \u2013 1 \u2013 60<\/td>\n<\/tr>\n<tr>\n<td>CAPACIDAD DE ENFRIAMIENTO<\/td>\n<td>Ton<\/td>\n<td>1<\/td>\n<\/tr>\n<tr>\n<td>RANGO DE CAPACIDAD DE ENFRIAMIENTO<\/td>\n<td>Btu\/h<\/td>\n<td>12,000<\/td>\n<\/tr>\n<tr>\n<td>CONSUMO ENERG\u00c9TICO M\u00c1XIMO<\/td>\n<td>W<\/td>\n<td>950<\/td>\n<\/tr>\n<tr>\n<td>RELACI\u00d3N DE EFICIENCIA ENERG\u00c9TICA ESTACIONAL (SEER)<\/td>\n<td>Btu\/Wh<\/td>\n<td>17.4 \/ 17.4<\/td>\n<\/tr>\n<tr>\n<td>TIPO Y MONTO DE REFRIGERANTE<\/td>\n<td>R32<\/td>\n<td>0.5 \/ 0.54 kg<\/td>\n<\/tr>\n<tr>\n<td>COMPRESOR<\/td>\n<td>TIPO<\/td>\n<td>SVS COMPRESSOR *(SMART VARIABLE SPEED)<\/td>\n<\/tr>\n<tr>\n<td>FLUJO DE AIRE<\/td>\n<td>m3\/h<\/td>\n<td>560 \/ 650<\/td>\n<\/tr>\n<tr>\n<td>NIVEL DE RUIDO INTERIOR<\/td>\n<td>dB<\/td>\n<td>41 \/ 43<\/td>\n<\/tr>\n<tr>\n<td>DIMENSIONES Y PESO (WxHxD)<\/td>\n<td><\/td>\n<td><\/td>\n<\/tr>\n<tr>\n<td>UNIDAD INTERIOR<\/td>\n<td><\/td>\n<td><\/td>\n<\/tr>\n<tr>\n<td>SIN EMPAQUE<\/td>\n<td>mm<\/td>\n<td>750 x 285 x 200<\/td>\n<\/tr>\n<tr>\n<td>CON EMPAQUE<\/td>\n<td>mm<\/td>\n<td>800 x 345 x 265<\/td>\n<\/tr>\n<tr>\n<td>PESO<\/td>\n<td>Kg<\/td>\n<td>10<\/td>\n<\/tr>\n<tr>\n<td>SIN EMPAQUE<\/td>\n<td>mm<\/td>\n<td>705 x 530 x 279<\/td>\n<\/tr>\n<tr>\n<td>UNIDAD EXTERIOR<\/td>\n<td><\/td>\n<td><\/td>\n<\/tr>\n<tr>\n<td>CON EMPAQUE<\/td>\n<td>mm<\/td>\n<td>825 x 595 x 345<\/td>\n<\/tr>\n<tr>\n<td>PESO<\/td>\n<td>Kg<\/td>\n<td>23<\/td>\n<\/tr>\n<tr>\n<td>ESPECIFICACIONES DE TUBER\u00cdA Y CONEXI\u00d3N<\/td>\n<td><\/td>\n<td><\/td>\n<\/tr>\n<tr>\n<td>DI\u00c1METROS DE TUBER\u00cdA (L\u00cdQUIDO \u2013 GAS)<\/td>\n<td>pulgadas<\/td>\n<td>1\/4 \u2013 3\/8<\/td>\n<\/tr>\n<tr>\n<td>LONGITUD DE KIT DE TUBER\u00cdA<\/td>\n<td>m<\/td>\n<td>4<\/td>\n<\/tr>\n<tr>\n<td>LONGITUD M\u00c1XIMA PERMITIDA<\/td>\n<td>m<\/td>\n<td>20<\/td>\n<\/tr>\n<tr>\n<td>LONGITUD M\u00c1XIMA VERTICAL<\/td>\n<td>m<\/td>\n<td>8<\/td>\n<\/tr>\n<tr>\n<td>UBICAC\u00d3N DE TRAMPA DE ACEITE (EN SUCCI\u00d3N)<\/td>\n<td>m<\/td>\n<td>5<\/td>\n<\/tr>\n<tr>\n<td>COMPENSACI\u00d3N DE REFRIGERANTE<\/td>\n<td>gr<\/td>\n<td>20<\/td>\n<\/tr>\n<\/tbody>\n<\/table>\n","protected":false},"excerpt":{"rendered":"<p><strong>Minisplit Mirage X32 Inverter. Tienda Sicav Quer\u00e9taro S.A. de C.V. Compra en l\u00ednea a precios exclusivos. Instalaci\u00f3n inmediata.<\/strong><\/p>\n<div class=\"woocommerce-product-details__short-description\">\n<div>Aire acondicionado inverter tipo minisplit con gas refrigerante de alta eficiencia. Un equipo de m\u00ednimo impacto ambiental.<\/div>\n<div>\n<div class=\"su-row\">\n<div class=\"su-column su-column-size-1-2\">\n<div class=\"su-column-inner su-u-clearfix su-u-trim\">\n<div class=\"sue-icon-text\" data-url=\"\" data-target=\"self\">\n<div class=\"sue-icon-text-icon\"><\/div>\n<div class=\"sue-icon-text-content sue-content-wrap\">\n<h2><img loading=\"lazy\" decoding=\"async\" class=\"entered lazyloaded\" src=\"https:\/\/mirage.mx\/wp-content\/uploads\/2022\/12\/x32_ozone_care.svg\" alt=\"\" width=\"40\" height=\"40\" data-lazy-src=\"\/\/mirage.mx\/wp-content\/uploads\/2022\/12\/x32_ozone_care.svg\" data-ll-status=\"loaded\" \/> OZONE CARE<\/h2>\n<p>Refrigerante R32 en su interior, aporta cero agotamiento a la capa de ozono.<\/p>\n<\/div>\n<\/div>\n<\/div>\n<\/div>\n<div class=\"su-column su-column-size-1-2\">\n<div class=\"su-column-inner su-u-clearfix su-u-trim\">\n<div class=\"sue-icon-text\" data-url=\"\" data-target=\"self\">\n<div class=\"sue-icon-text-content sue-content-wrap\">\n<h2><img loading=\"lazy\" decoding=\"async\" class=\"entered lazyloaded\" src=\"https:\/\/mirage.mx\/wp-content\/uploads\/2022\/12\/x32_proplanet.svg\" alt=\"\" width=\"40\" height=\"40\" data-lazy-src=\"\/\/mirage.mx\/wp-content\/uploads\/2022\/12\/x32_proplanet.svg\" data-ll-status=\"loaded\" \/> PRO \u2013 PLANET<\/h2>\n<p>70% menor impacto al calentamiento global.<\/p>\n<\/div>\n<\/div>\n<\/div>\n<\/div>\n<\/div>\n<div class=\"su-row\">\n<div class=\"su-column su-column-size-1-2\">\n<div class=\"su-column-inner su-u-clearfix su-u-trim\">\n<div class=\"sue-icon-text\" data-url=\"\" data-target=\"self\">\n<div class=\"sue-icon-text-content sue-content-wrap\">\n<h2><img loading=\"lazy\" decoding=\"async\" class=\"entered lazyloaded\" src=\"https:\/\/mirage.mx\/wp-content\/uploads\/2022\/12\/x32_library-app.svg\" alt=\"\" width=\"40\" height=\"40\" data-lazy-src=\"\/\/mirage.mx\/wp-content\/uploads\/2022\/12\/x32_library-app.svg\" data-ll-status=\"loaded\" \/> LIBRARY APP<\/h2>\n<p>Aplicaci\u00f3n m\u00f3vil, para descifrar la causa de la alerta emitida con el Digital-Asisted-Diagnosys.<\/p>\n<\/div>\n<\/div>\n<\/div>\n<\/div>\n<div class=\"su-column su-column-size-1-2\">\n<div class=\"su-column-inner su-u-clearfix su-u-trim\">\n<div class=\"sue-icon-text\" data-url=\"\" data-target=\"self\">\n<div class=\"sue-icon-text-content sue-content-wrap\">\n<h2><img loading=\"lazy\" decoding=\"async\" class=\"entered lazyloaded\" src=\"https:\/\/mirage.mx\/wp-content\/uploads\/2022\/12\/x32_xcool.svg\" alt=\"\" width=\"40\" height=\"40\" data-lazy-src=\"\/\/mirage.mx\/wp-content\/uploads\/2022\/12\/x32_xcool.svg\" data-ll-status=\"loaded\" \/> X-COOL<\/h2>\n<p>Dise\u00f1o de enfriamiento superior, m\u00e1s fr\u00edo con un m\u00ednimo esfuerzo.<\/p>\n<\/div>\n<\/div>\n<\/div>\n<\/div>\n<\/div>\n<\/div>\n<\/div>\n","protected":false},"featured_media":1934,"comment_status":"open","ping_status":"closed","template":"","meta":{"_eb_attr":"","site-sidebar-layout":"default","site-content-layout":"default","ast-main-header-display":"","ast-hfb-above-header-display":"","ast-hfb-below-header-display":"","ast-hfb-mobile-header-display":"","site-post-title":"","ast-breadcrumbs-content":"","ast-featured-img":"","footer-sml-layout":"","theme-transparent-header-meta":"default","adv-header-id-meta":"","stick-header-meta":"","header-above-stick-meta":"","header-main-stick-meta":"","header-below-stick-meta":""},"product_cat":[66],"product_tag":[],"class_list":["post-1906","product","type-product","status-publish","has-post-thumbnail","hentry","product_cat-x32-inverter"],"_links":{"self":[{"href":"https:\/\/tiendasicav.com.mx\/index.php\/wp-json\/wp\/v2\/product\/1906","targetHints":{"allow":["GET"]}}],"collection":[{"href":"https:\/\/tiendasicav.com.mx\/index.php\/wp-json\/wp\/v2\/product"}],"about":[{"href":"https:\/\/tiendasicav.com.mx\/index.php\/wp-json\/wp\/v2\/types\/product"}],"replies":[{"embeddable":true,"href":"https:\/\/tiendasicav.com.mx\/index.php\/wp-json\/wp\/v2\/comments?post=1906"}],"wp:featuredmedia":[{"embeddable":true,"href":"https:\/\/tiendasicav.com.mx\/index.php\/wp-json\/wp\/v2\/media\/1934"}],"wp:attachment":[{"href":"https:\/\/tiendasicav.com.mx\/index.php\/wp-json\/wp\/v2\/media?parent=1906"}],"wp:term":[{"taxonomy":"product_cat","embeddable":true,"href":"https:\/\/tiendasicav.com.mx\/index.php\/wp-json\/wp\/v2\/product_cat?post=1906"},{"taxonomy":"product_tag","embeddable":true,"href":"https:\/\/tiendasicav.com.mx\/index.php\/wp-json\/wp\/v2\/product_tag?post=1906"}],"curies":[{"name":"wp","href":"https:\/\/api.w.org\/{rel}","templated":true}]}}